{"id":1209,"date":"2024-06-01T12:00:45","date_gmt":"2024-06-01T10:00:45","guid":{"rendered":"https:\/\/regisgoncalves.com\/exposities\/man-with-golden-possessions-2024\/"},"modified":"2026-02-27T10:19:42","modified_gmt":"2026-02-27T09:19:42","slug":"man-with-golden-possessions-2024","status":"publish","type":"page","link":"https:\/\/regisgoncalves.com\/en\/exhibitions\/man-with-golden-possessions-2024\/","title":{"rendered":"The Fly and the Man with Golden Possessions (2024)"},"content":{"rendered":"<section id=\"page-heading\" class=\"section no\"><div class=\"row\"><div class=\"wpb_column col-md-12 have-padding\">[vc_custom_heading text=&#8221;Exhibition&#8221; font_container=&#8221;tag:h4|text_align:left&#8221; use_theme_fonts=&#8221;yes&#8221; css=&#8221;&#8221;][vc_custom_heading text=&#8221;The Fly and the Man with Golden Possessions (2024)&#8221; use_theme_fonts=&#8221;yes&#8221; css=&#8221;&#8221;]<\/div><\/div><\/section><section  id=\"page-body\" class=\"section no\"><div class=\"row\"><div class=\"wpb_column col-md-8 have-padding\"><div class=\"item-padd-mob section-text text-block \" ><div class=\"simple-text md\"><p data-pm-slice=\"1 1 &#091;&#093;\">In June 2024, R\u00e9gis Gon\u00e7alves presented the exhibition <em>The Fly and the Man with Golden Possessions<\/em> at Arti et Amicitiae. In June 2024, R\u00e9gis Gon\u00e7alves presented the exhibition The Fly and the Man with Golden Possessions at Arti et Amicitiae. Born around 1860 in Minas Gerais, Brazil, he is said to have been used as a &#8216;breeding stallion&#8217; on a plantation, where the owner forced him to impregnate enslaved women. This practice, which continued long after the abolition of slavery in Brazil in 1888, is scarcely documented, yet it survives in orally transmitted family histories.<\/p>\n<\/div><\/div><div class=\"item-padd-mob section-text text-block \" ><div class=\"simple-text md\"><p data-pm-slice=\"1 1 &#091;&#093;\">In a series of powerful and unsettling works, R\u00e9gis shows how the Black man was reduced to an object: to a body part, to a source of strength, to merchandise. The exhibition presents the male figure through the eyes of the plantation owner: animalised, anonymous, yet desired for his &#8216;golden possessions&#8217;. The fly in the title symbolises the exploiter, an insect that feeds on blood, much like the slave owner who enriched himself at the expense of human dignity.<\/p>\n<\/div><\/div><div class=\"item-padd-mob section-text text-block \" ><div class=\"simple-text md\"><p data-pm-slice=\"1 1 &#091;&#093;\">During the exhibition, part of this story gained an additional dimension through a short one-act play written by R\u00e9gis Gon\u00e7alves himself. In a raw and uncompromising manner, the play reveals how colonial thinking penetrated even the most intimate sphere: the body as property, as economic investment. The dialogue is direct and unsettling, exposing the cruel logic behind the system of slavery and forced reproduction.<\/p>\n<\/div><\/div><div class=\"item-padd-mob section-text text-block \" ><div class=\"simple-text md\"><p data-pm-slice=\"1 1 &#091;&#093;\">This exhibition not only gives voice to a forgotten history, but also connects it to contemporary questions surrounding heritage, racism and structural inequality. <em>The Fly and the Man with Golden Possessions<\/em> forms the first part of a triptych that unravels the history of R\u00e9gis\u2019 family and, more broadly, examines Brazil\u2019s colonial past.<\/p>\n<\/div><\/div><\/div><div class=\"wpb_column col-md-4 have-padding\">[vc_single_image image=&#8221;733&#8243; img_size=&#8221;full&#8221; alignment=&#8221;center&#8221; style=&#8221;vc_box_shadow&#8221; css=&#8221;&#8221;][vc_single_image image=&#8221;734&#8243; img_size=&#8221;full&#8221; alignment=&#8221;center&#8221; style=&#8221;vc_box_shadow&#8221; css=&#8221;&#8221;]<\/div><\/div><\/section><section  class=\"section no\"><div class=\"row\"><div class=\"wpb_column col-md-6 have-padding\"><section  class=\"section no\"><div class=\"row\"><div class=\"wpb_column col-md-6 have-padding\">[vc_single_image image=&#8221;735&#8243; img_size=&#8221;full&#8221; alignment=&#8221;center&#8221; onclick=&#8221;link_image&#8221; css=&#8221;&#8221;]<\/div><div class=\"wpb_column col-md-6 have-padding\">[vc_single_image image=&#8221;736&#8243; img_size=&#8221;full&#8221; alignment=&#8221;center&#8221; onclick=&#8221;link_image&#8221; css=&#8221;&#8221;]<\/div><\/div><\/section><section  class=\"section no\"><div class=\"row\"><div class=\"wpb_column col-md-6 have-padding\">[vc_single_image image=&#8221;740&#8243; img_size=&#8221;full&#8221; alignment=&#8221;center&#8221; style=&#8221;vc_box_shadow&#8221; css=&#8221;&#8221;]<\/div><div class=\"wpb_column col-md-6 have-padding\">[vc_single_image image=&#8221;741&#8243; img_size=&#8221;full&#8221; alignment=&#8221;center&#8221; style=&#8221;vc_box_shadow&#8221; css=&#8221;&#8221;]<\/div><\/div><\/section><\/div><div class=\"wpb_column col-md-6 have-padding\"><section  class=\"section no\"><div class=\"row\"><div class=\"wpb_column col-md-6 have-padding\">[vc_single_image image=&#8221;739&#8243; img_size=&#8221;full&#8221; alignment=&#8221;center&#8221; style=&#8221;vc_box_shadow&#8221; css=&#8221;&#8221;]<\/div><div class=\"wpb_column col-md-6 have-padding\">[vc_single_image image=&#8221;738&#8243; img_size=&#8221;full&#8221; alignment=&#8221;center&#8221; style=&#8221;vc_box_shadow&#8221; css=&#8221;&#8221;]<\/div><\/div><\/section><\/div><\/div><\/section><section  class=\"section no\"><div class=\"row\"><div class=\"wpb_column col-md-12 have-padding\">[vc_btn title=&#8221;Back to overview&#8221; style=&#8221;classic&#8221; color=&#8221;white&#8221; align=&#8221;left&#8221; i_icon_fontawesome=&#8221;fa fa-solid fa-arrow-left&#8221; css=&#8221;&#8221; add_icon=&#8221;true&#8221; link=&#8221;url:https%3A%2F%2Fregisgoncalves.com%2Fen%2Fexhibitions%2F|title:Back%20to%20exhibitions|&#8221; el_class=&#8221;go-back&#8221;]<\/div><\/div><\/section>\n","protected":false},"excerpt":{"rendered":"[vc_custom_heading text=\"Exhibition\" font_container=\"tag:h4|text_align:left\" use_theme_fonts=\"yes\" css=\"\"][vc_custom_heading text=\"The Fly and the Man with Golden Possessions (2024)\" use_theme_fonts=\"yes\" css=\"\"]In June 2024, R\u00e9gis Gon\u00e7alves presented the exhibition The Fly and the Man with Golden Possessions at Arti et Amicitiae. In June 2024, R\u00e9gis Gon\u00e7alves presented the exhibition The Fly and the Man with Golden Possessions at Arti et Amicitiae. [...]","protected":false},"author":1,"featured_media":0,"parent":1199,"menu_order":54,"comment_status":"closed","ping_status":"closed","template":"","meta":{"footnotes":""},"class_list":["post-1209","page","type-page","status-publish","hentry"],"_links":{"self":[{"href":"https:\/\/regisgoncalves.com\/en\/wp-json\/wp\/v2\/pages\/1209","targetHints":{"allow":["GET"]}}],"collection":[{"href":"https:\/\/regisgoncalves.com\/en\/wp-json\/wp\/v2\/pages"}],"about":[{"href":"https:\/\/regisgoncalves.com\/en\/wp-json\/wp\/v2\/types\/page"}],"author":[{"embeddable":true,"href":"https:\/\/regisgoncalves.com\/en\/wp-json\/wp\/v2\/users\/1"}],"replies":[{"embeddable":true,"href":"https:\/\/regisgoncalves.com\/en\/wp-json\/wp\/v2\/comments?post=1209"}],"version-history":[{"count":0,"href":"https:\/\/regisgoncalves.com\/en\/wp-json\/wp\/v2\/pages\/1209\/revisions"}],"up":[{"embeddable":true,"href":"https:\/\/regisgoncalves.com\/en\/wp-json\/wp\/v2\/pages\/1199"}],"wp:attachment":[{"href":"https:\/\/regisgoncalves.com\/en\/wp-json\/wp\/v2\/media?parent=1209"}],"curies":[{"name":"wp","href":"https:\/\/api.w.org\/{rel}","templated":true}]}}