{"id":1217,"date":"2021-05-01T12:00:08","date_gmt":"2021-05-01T10:00:08","guid":{"rendered":"https:\/\/regisgoncalves.com\/exposities\/cafe-noir-2021\/"},"modified":"2026-02-27T10:20:14","modified_gmt":"2026-02-27T09:20:14","slug":"cafe-noir-2021","status":"publish","type":"page","link":"https:\/\/regisgoncalves.com\/en\/exhibitions\/cafe-noir-2021\/","title":{"rendered":"Caf\u00e9 Noir (2021)"},"content":{"rendered":"<section id=\"page-heading\" class=\"section no\"><div class=\"row\"><div class=\"wpb_column col-md-12 have-padding\">[vc_custom_heading text=&#8221;Exhibition&#8221; font_container=&#8221;tag:h4|text_align:left&#8221; use_theme_fonts=&#8221;yes&#8221; css=&#8221;&#8221;][vc_custom_heading text=&#8221;Caf\u00e9 Noir 7 (2021)&#8221; use_theme_fonts=&#8221;yes&#8221; css=&#8221;&#8221;]<\/div><\/div><\/section><section  id=\"page-body\" class=\"section no\"><div class=\"row\"><div class=\"wpb_column col-md-8 have-padding\"><div class=\"item-padd-mob section-text text-block \" ><div class=\"simple-text md\"><p>From 28 May to 27 June 2021, R\u00e9gis Gon\u00e7alves presented his exhibition <em data-start=\"209\" data-end=\"222\">Caf\u00e9 Noir 7<\/em> at Arti et Amicitiae in Amsterdam. After months of lockdowns and restrictions, the exhibition offered a welcome opportunity to experience art once again in a physical space. The presentation brought together visual art and performance in a setting reminiscent of a caf\u00e9 where stories and encounters took centre stage.<\/p>\n<\/div><\/div><div class=\"item-padd-mob section-text text-block \" ><div class=\"simple-text md\"><p><em data-start=\"555\" data-end=\"568\">Caf\u00e9 Noir 7<\/em> was structured around the seven deadly sins: pride, greed, lust, envy, gluttony, wrath and sloth. Each week focused on one sin, and with it the content of the exhibition shifted. Artworks were modified or expanded, and the conversations Gon\u00e7alves held with visitors took on a new perspective each time. Through this weekly transformation, the exhibition continued to evolve and became a living entity in which the audience was actively involved.<\/p>\n<\/div><\/div><div class=\"item-padd-mob section-text text-block \" ><div class=\"simple-text md\"><p>The exhibition offered space not only for visual reflection, but also for dialogue and exchange. After a long period in which museums and galleries were closed, <em data-start=\"1202\" data-end=\"1215\">Caf\u00e9 Noir 7<\/em> felt like a relief: a place where people could once again gather, look and speak. The interaction between artist and visitor was central, turning each week into a new chapter in an ongoing conversation about human weaknesses, desires and the need for connection.<\/p>\n<\/div><\/div><\/div><div class=\"wpb_column col-md-4 have-padding\">[vc_single_image image=&#8221;671&#8243; img_size=&#8221;full&#8221; alignment=&#8221;center&#8221; style=&#8221;vc_box_shadow&#8221; css=&#8221;&#8221;]<\/div><\/div><\/section><section  class=\"section no\"><div class=\"row\"><div class=\"wpb_column col-md-6 have-padding\"><section  class=\"section no\"><div class=\"row\"><div class=\"wpb_column col-md-6 have-padding\">[vc_single_image image=&#8221;831&#8243; img_size=&#8221;full&#8221; alignment=&#8221;center&#8221; style=&#8221;vc_box_shadow&#8221; css=&#8221;&#8221;]<\/div><div class=\"wpb_column col-md-6 have-padding\">[vc_single_image image=&#8221;836&#8243; img_size=&#8221;full&#8221; alignment=&#8221;center&#8221; css=&#8221;&#8221;]<\/div><\/div><\/section><\/div><div class=\"wpb_column col-md-6 have-padding\">[vc_single_image image=&#8221;672&#8243; img_size=&#8221;full&#8221; alignment=&#8221;center&#8221; style=&#8221;vc_box_shadow&#8221; css=&#8221;&#8221;]<\/div><\/div><\/section><section  class=\"section no\"><div class=\"row\"><div class=\"wpb_column col-md-12 have-padding\">[vc_btn title=&#8221;Back to overview&#8221; style=&#8221;classic&#8221; color=&#8221;white&#8221; align=&#8221;left&#8221; i_icon_fontawesome=&#8221;fa fa-solid fa-arrow-left&#8221; css=&#8221;&#8221; add_icon=&#8221;true&#8221; link=&#8221;url:https%3A%2F%2Fregisgoncalves.com%2Fen%2Fexhibitions%2F|title:Back%20to%20exhibitions|&#8221; el_class=&#8221;go-back&#8221;]<\/div><\/div><\/section>\n","protected":false},"excerpt":{"rendered":"[vc_custom_heading text=\"Exhibition\" font_container=\"tag:h4|text_align:left\" use_theme_fonts=\"yes\" css=\"\"][vc_custom_heading text=\"Caf\u00e9 Noir 7 (2021)\" use_theme_fonts=\"yes\" css=\"\"]From 28 May to 27 June 2021, R\u00e9gis Gon\u00e7alves presented his exhibition Caf\u00e9 Noir 7 at Arti et Amicitiae in Amsterdam. After months of lockdowns and restrictions, the exhibition offered a welcome opportunity to experience art once again in a physical space. The presentation brought [...]","protected":false},"author":1,"featured_media":0,"parent":1199,"menu_order":57,"comment_status":"closed","ping_status":"closed","template":"","meta":{"footnotes":""},"class_list":["post-1217","page","type-page","status-publish","hentry"],"_links":{"self":[{"href":"https:\/\/regisgoncalves.com\/en\/wp-json\/wp\/v2\/pages\/1217","targetHints":{"allow":["GET"]}}],"collection":[{"href":"https:\/\/regisgoncalves.com\/en\/wp-json\/wp\/v2\/pages"}],"about":[{"href":"https:\/\/regisgoncalves.com\/en\/wp-json\/wp\/v2\/types\/page"}],"author":[{"embeddable":true,"href":"https:\/\/regisgoncalves.com\/en\/wp-json\/wp\/v2\/users\/1"}],"replies":[{"embeddable":true,"href":"https:\/\/regisgoncalves.com\/en\/wp-json\/wp\/v2\/comments?post=1217"}],"version-history":[{"count":0,"href":"https:\/\/regisgoncalves.com\/en\/wp-json\/wp\/v2\/pages\/1217\/revisions"}],"up":[{"embeddable":true,"href":"https:\/\/regisgoncalves.com\/en\/wp-json\/wp\/v2\/pages\/1199"}],"wp:attachment":[{"href":"https:\/\/regisgoncalves.com\/en\/wp-json\/wp\/v2\/media?parent=1217"}],"curies":[{"name":"wp","href":"https:\/\/api.w.org\/{rel}","templated":true}]}}